{"id":15560,"date":"2025-01-31T14:50:02","date_gmt":"2025-01-31T13:50:02","guid":{"rendered":"https:\/\/ledholo.com\/?post_type=product&#038;p=15560"},"modified":"2026-01-16T17:29:15","modified_gmt":"2026-01-16T16:29:15","slug":"box","status":"publish","type":"product","link":"https:\/\/srv94019.seohost.com.pl\/es\/producto\/box\/","title":{"rendered":"Box"},"content":{"rendered":"<p>Ledholo BOX to kompaktowe, wysokiej rozdzielczo\u015bci rozwi\u0105zania holograficzne 3D, oferowane w rozmiarach od 45 do 110 cm. Mog\u0105 pe\u0142ni\u0107 wiele funkcji: od promocji produkt\u00f3w, przez wzmacnianie kampanii marketingowych i zaanga\u017cowania klient\u00f3w, a\u017c po tematyczne, immersyjne do\u015bwiadczenia z mark\u0105. Ich elegancka obudowa zapewnia ochron\u0119, jednocze\u015bnie wzmacniaj\u0105c efekt 3D.<\/p>\n<p>G\u0142\u00f3wne cechy:<\/p>\n<ul>\n<li>kompaktowa, elastyczna konstrukcja,<\/li>\n<li>udoskonalona wizualizacja 3D,<\/li>\n<li>wszechstronne zastosowania,<\/li>\n<li>\u0142atwy transport, monta\u017c i obs\u0142uga.<\/li>\n<\/ul>\n<p>&nbsp;<\/p>\n<p>Korzy\u015bci dla Twojej marki:<\/p>\n<ul>\n<li>kierowanie uwagi klient\u00f3w poprzez immersyjne prezentacje,<\/li>\n<li>tworzenie tematycznych, immersyjnych stref marki,<\/li>\n<li>wzmacnianie kampanii dzi\u0119ki opowie\u015bci wizualnej,<\/li>\n<li>zwi\u0119kszenie si\u0142y promocji produktu,<\/li>\n<\/ul>\n<p>wizualizacja i uwypuklenie kluczowego przekazu.<\/p>","protected":false},"excerpt":{"rendered":"<p>Elija la mejor soluci\u00f3n adaptada a sus necesidades.<\/p>","protected":false},"featured_media":4323,"template":"","meta":{"site-sidebar-layout":"default","site-content-layout":"","ast-site-content-layout":"default","site-content-style":"default","site-sidebar-style":"default","ast-global-header-display":"","ast-banner-title-visibility":"","ast-main-header-display":"","ast-hfb-above-header-display":"","ast-hfb-below-header-display":"","ast-hfb-mobile-header-display":"","site-post-title":"","ast-breadcrumbs-content":"","ast-featured-img":"","footer-sml-layout":"","theme-transparent-header-meta":"default","adv-header-id-meta":"","stick-header-meta":"default","header-above-stick-meta":"","header-main-stick-meta":"","header-below-stick-meta":"","astra-migrate-meta-layouts":"set","ast-page-background-enabled":"default","ast-page-background-meta":{"desktop":{"background-color":"var(--ast-global-color-4)","background-image":"","background-repeat":"repeat","background-position":"center center","background-size":"auto","background-attachment":"scroll","background-type":"","background-media":"","overlay-type":"","overlay-color":"","overlay-gradient":""},"tablet":{"background-color":"","background-image":"","background-repeat":"repeat","background-position":"center center","background-size":"auto","background-attachment":"scroll","background-type":"","background-media":"","overlay-type":"","overlay-color":"","overlay-gradient":""},"mobile":{"background-color":"","background-image":"","background-repeat":"repeat","background-position":"center center","background-size":"auto","background-attachment":"scroll","background-type":"","background-media":"","overlay-type":"","overlay-color":"","overlay-gradient":""}},"ast-content-background-meta":{"desktop":{"background-color":"var(--ast-global-color-5)","background-image":"","background-repeat":"repeat","background-position":"center center","background-size":"auto","background-attachment":"scroll","background-type":"","background-media":"","overlay-type":"","overlay-color":"","overlay-gradient":""},"tablet":{"background-color":"var(--ast-global-color-5)","background-image":"","background-repeat":"repeat","background-position":"center center","background-size":"auto","background-attachment":"scroll","background-type":"","background-media":"","overlay-type":"","overlay-color":"","overlay-gradient":""},"mobile":{"background-color":"var(--ast-global-color-5)","background-image":"","background-repeat":"repeat","background-position":"center center","background-size":"auto","background-attachment":"scroll","background-type":"","background-media":"","overlay-type":"","overlay-color":"","overlay-gradient":""}}},"product_brand":[],"product_cat":[325],"product_tag":[],"class_list":{"0":"post-15560","1":"product","2":"type-product","3":"status-publish","4":"has-post-thumbnail","6":"product_cat-rozwiazania-holograficzne","7":"desktop-align-left","8":"tablet-align-left","9":"mobile-align-left","11":"first","12":"instock","13":"taxable","14":"shipping-taxable","15":"purchasable","16":"product-type-variable","17":"has-default-attributes"},"yoast_head":"<!-- This site is optimized with the Yoast SEO plugin v26.6 - https:\/\/yoast.com\/wordpress\/plugins\/seo\/ -->\n<title>Box | Ledholo<\/title>\n<meta name=\"description\" content=\"D\u0142ugi opis Box\" \/>\n<meta name=\"robots\" content=\"noindex, follow, max-snippet:-1, max-image-preview:large, max-video-preview:-1\" \/>\n<meta property=\"og:locale\" content=\"es_ES\" \/>\n<meta property=\"og:type\" content=\"article\" \/>\n<meta property=\"og:title\" content=\"Box | Ledholo\" \/>\n<meta property=\"og:description\" content=\"D\u0142ugi opis Box\" \/>\n<meta property=\"og:url\" content=\"https:\/\/srv94019.seohost.com.pl\/es\/producto\/box\/\" \/>\n<meta property=\"og:site_name\" content=\"Ledholo\" \/>\n<meta property=\"article:publisher\" content=\"https:\/\/www.facebook.com\/ledholocom\/\" \/>\n<meta property=\"article:modified_time\" content=\"2026-01-16T16:29:15+00:00\" \/>\n<meta property=\"og:image\" content=\"https:\/\/srv94019.seohost.com.pl\/wp-content\/uploads\/2024\/02\/LEDHOLO_Ledholo-Box.jpg\" \/>\n\t<meta property=\"og:image:width\" content=\"1000\" \/>\n\t<meta property=\"og:image:height\" content=\"1000\" \/>\n\t<meta property=\"og:image:type\" content=\"image\/jpeg\" \/>\n<meta name=\"twitter:card\" content=\"summary_large_image\" \/>\n<meta name=\"twitter:site\" content=\"@ledholo\" \/>\n<meta name=\"twitter:label1\" content=\"Tiempo de lectura\" \/>\n\t<meta name=\"twitter:data1\" content=\"1 minuto\" \/>\n<script type=\"application\/ld+json\" class=\"yoast-schema-graph\">{\"@context\":\"https:\/\/schema.org\",\"@graph\":[{\"@type\":\"WebPage\",\"@id\":\"https:\/\/srv94019.seohost.com.pl\/produkt\/box\/\",\"url\":\"https:\/\/srv94019.seohost.com.pl\/produkt\/box\/\",\"name\":\"Box | Ledholo\",\"isPartOf\":{\"@id\":\"https:\/\/srv94019.seohost.com.pl\/#website\"},\"primaryImageOfPage\":{\"@id\":\"https:\/\/srv94019.seohost.com.pl\/produkt\/box\/#primaryimage\"},\"image\":{\"@id\":\"https:\/\/srv94019.seohost.com.pl\/produkt\/box\/#primaryimage\"},\"thumbnailUrl\":\"https:\/\/srv94019.seohost.com.pl\/wp-content\/uploads\/2024\/02\/LEDHOLO_Ledholo-Box.jpg\",\"datePublished\":\"2025-01-31T13:50:02+00:00\",\"dateModified\":\"2026-01-16T16:29:15+00:00\",\"description\":\"D\u0142ugi opis Box\",\"breadcrumb\":{\"@id\":\"https:\/\/srv94019.seohost.com.pl\/produkt\/box\/#breadcrumb\"},\"inLanguage\":\"es\",\"potentialAction\":[{\"@type\":\"ReadAction\",\"target\":[\"https:\/\/srv94019.seohost.com.pl\/produkt\/box\/\"]}]},{\"@type\":\"ImageObject\",\"inLanguage\":\"es\",\"@id\":\"https:\/\/srv94019.seohost.com.pl\/produkt\/box\/#primaryimage\",\"url\":\"https:\/\/srv94019.seohost.com.pl\/wp-content\/uploads\/2024\/02\/LEDHOLO_Ledholo-Box.jpg\",\"contentUrl\":\"https:\/\/srv94019.seohost.com.pl\/wp-content\/uploads\/2024\/02\/LEDHOLO_Ledholo-Box.jpg\",\"width\":1000,\"height\":1000},{\"@type\":\"BreadcrumbList\",\"@id\":\"https:\/\/srv94019.seohost.com.pl\/produkt\/box\/#breadcrumb\",\"itemListElement\":[{\"@type\":\"ListItem\",\"position\":1,\"name\":\"Strona g\u0142\u00f3wna\",\"item\":\"https:\/\/srv94019.seohost.com.pl\/\"},{\"@type\":\"ListItem\",\"position\":2,\"name\":\"Sklep\",\"item\":\"https:\/\/srv94019.seohost.com.pl\/sklep\/\"},{\"@type\":\"ListItem\",\"position\":3,\"name\":\"Box\"}]},{\"@type\":\"WebSite\",\"@id\":\"https:\/\/srv94019.seohost.com.pl\/#website\",\"url\":\"https:\/\/srv94019.seohost.com.pl\/\",\"name\":\"Ledholo\",\"description\":\"\",\"publisher\":{\"@id\":\"https:\/\/srv94019.seohost.com.pl\/#organization\"},\"potentialAction\":[{\"@type\":\"SearchAction\",\"target\":{\"@type\":\"EntryPoint\",\"urlTemplate\":\"https:\/\/srv94019.seohost.com.pl\/?s={search_term_string}\"},\"query-input\":{\"@type\":\"PropertyValueSpecification\",\"valueRequired\":true,\"valueName\":\"search_term_string\"}}],\"inLanguage\":\"es\"},{\"@type\":\"Organization\",\"@id\":\"https:\/\/srv94019.seohost.com.pl\/#organization\",\"name\":\"Ledholo\",\"url\":\"https:\/\/srv94019.seohost.com.pl\/\",\"logo\":{\"@type\":\"ImageObject\",\"inLanguage\":\"es\",\"@id\":\"https:\/\/srv94019.seohost.com.pl\/#\/schema\/logo\/image\/\",\"url\":\"https:\/\/srv94019.seohost.com.pl\/wp-content\/uploads\/2024\/03\/LEDHOLO_logo_RGB-01.png\",\"contentUrl\":\"https:\/\/srv94019.seohost.com.pl\/wp-content\/uploads\/2024\/03\/LEDHOLO_logo_RGB-01.png\",\"width\":950,\"height\":252,\"caption\":\"Ledholo\"},\"image\":{\"@id\":\"https:\/\/srv94019.seohost.com.pl\/#\/schema\/logo\/image\/\"},\"sameAs\":[\"https:\/\/www.facebook.com\/ledholocom\/\",\"https:\/\/x.com\/ledholo\",\"https:\/\/www.instagram.com\/ledholo\/\",\"https:\/\/www.linkedin.com\/company\/ledholo\/\",\"https:\/\/vimeo.com\/ledholo\",\"https:\/\/www.youtube.com\/channel\/UCCXzwmTEoJyZGPuvqICkecw\"]}]}<\/script>\n<!-- \/ Yoast SEO plugin. -->","yoast_head_json":{"title":"Box | Ledholo","description":"D\u0142ugi opis Box","robots":{"index":"noindex","follow":"follow","max-snippet":"max-snippet:-1","max-image-preview":"max-image-preview:large","max-video-preview":"max-video-preview:-1"},"og_locale":"es_ES","og_type":"article","og_title":"Box | Ledholo","og_description":"D\u0142ugi opis Box","og_url":"https:\/\/srv94019.seohost.com.pl\/es\/producto\/box\/","og_site_name":"Ledholo","article_publisher":"https:\/\/www.facebook.com\/ledholocom\/","article_modified_time":"2026-01-16T16:29:15+00:00","og_image":[{"width":1000,"height":1000,"url":"https:\/\/srv94019.seohost.com.pl\/wp-content\/uploads\/2024\/02\/LEDHOLO_Ledholo-Box.jpg","type":"image\/jpeg"}],"twitter_card":"summary_large_image","twitter_site":"@ledholo","twitter_misc":{"Tiempo de lectura":"1 minuto"},"schema":{"@context":"https:\/\/schema.org","@graph":[{"@type":"WebPage","@id":"https:\/\/srv94019.seohost.com.pl\/produkt\/box\/","url":"https:\/\/srv94019.seohost.com.pl\/produkt\/box\/","name":"Box | Ledholo","isPartOf":{"@id":"https:\/\/srv94019.seohost.com.pl\/#website"},"primaryImageOfPage":{"@id":"https:\/\/srv94019.seohost.com.pl\/produkt\/box\/#primaryimage"},"image":{"@id":"https:\/\/srv94019.seohost.com.pl\/produkt\/box\/#primaryimage"},"thumbnailUrl":"https:\/\/srv94019.seohost.com.pl\/wp-content\/uploads\/2024\/02\/LEDHOLO_Ledholo-Box.jpg","datePublished":"2025-01-31T13:50:02+00:00","dateModified":"2026-01-16T16:29:15+00:00","description":"D\u0142ugi opis Box","breadcrumb":{"@id":"https:\/\/srv94019.seohost.com.pl\/produkt\/box\/#breadcrumb"},"inLanguage":"es","potentialAction":[{"@type":"ReadAction","target":["https:\/\/srv94019.seohost.com.pl\/produkt\/box\/"]}]},{"@type":"ImageObject","inLanguage":"es","@id":"https:\/\/srv94019.seohost.com.pl\/produkt\/box\/#primaryimage","url":"https:\/\/srv94019.seohost.com.pl\/wp-content\/uploads\/2024\/02\/LEDHOLO_Ledholo-Box.jpg","contentUrl":"https:\/\/srv94019.seohost.com.pl\/wp-content\/uploads\/2024\/02\/LEDHOLO_Ledholo-Box.jpg","width":1000,"height":1000},{"@type":"BreadcrumbList","@id":"https:\/\/srv94019.seohost.com.pl\/produkt\/box\/#breadcrumb","itemListElement":[{"@type":"ListItem","position":1,"name":"Strona g\u0142\u00f3wna","item":"https:\/\/srv94019.seohost.com.pl\/"},{"@type":"ListItem","position":2,"name":"Sklep","item":"https:\/\/srv94019.seohost.com.pl\/sklep\/"},{"@type":"ListItem","position":3,"name":"Box"}]},{"@type":"WebSite","@id":"https:\/\/srv94019.seohost.com.pl\/#website","url":"https:\/\/srv94019.seohost.com.pl\/","name":"Ledholo","description":"","publisher":{"@id":"https:\/\/srv94019.seohost.com.pl\/#organization"},"potentialAction":[{"@type":"SearchAction","target":{"@type":"EntryPoint","urlTemplate":"https:\/\/srv94019.seohost.com.pl\/?s={search_term_string}"},"query-input":{"@type":"PropertyValueSpecification","valueRequired":true,"valueName":"search_term_string"}}],"inLanguage":"es"},{"@type":"Organization","@id":"https:\/\/srv94019.seohost.com.pl\/#organization","name":"Ledholo","url":"https:\/\/srv94019.seohost.com.pl\/","logo":{"@type":"ImageObject","inLanguage":"es","@id":"https:\/\/srv94019.seohost.com.pl\/#\/schema\/logo\/image\/","url":"https:\/\/srv94019.seohost.com.pl\/wp-content\/uploads\/2024\/03\/LEDHOLO_logo_RGB-01.png","contentUrl":"https:\/\/srv94019.seohost.com.pl\/wp-content\/uploads\/2024\/03\/LEDHOLO_logo_RGB-01.png","width":950,"height":252,"caption":"Ledholo"},"image":{"@id":"https:\/\/srv94019.seohost.com.pl\/#\/schema\/logo\/image\/"},"sameAs":["https:\/\/www.facebook.com\/ledholocom\/","https:\/\/x.com\/ledholo","https:\/\/www.instagram.com\/ledholo\/","https:\/\/www.linkedin.com\/company\/ledholo\/","https:\/\/vimeo.com\/ledholo","https:\/\/www.youtube.com\/channel\/UCCXzwmTEoJyZGPuvqICkecw"]}]}},"_links":{"self":[{"href":"https:\/\/srv94019.seohost.com.pl\/es\/wp-json\/wp\/v2\/product\/15560","targetHints":{"allow":["GET"]}}],"collection":[{"href":"https:\/\/srv94019.seohost.com.pl\/es\/wp-json\/wp\/v2\/product"}],"about":[{"href":"https:\/\/srv94019.seohost.com.pl\/es\/wp-json\/wp\/v2\/types\/product"}],"wp:featuredmedia":[{"embeddable":true,"href":"https:\/\/srv94019.seohost.com.pl\/es\/wp-json\/wp\/v2\/media\/4323"}],"wp:attachment":[{"href":"https:\/\/srv94019.seohost.com.pl\/es\/wp-json\/wp\/v2\/media?parent=15560"}],"wp:term":[{"taxonomy":"product_brand","embeddable":true,"href":"https:\/\/srv94019.seohost.com.pl\/es\/wp-json\/wp\/v2\/product_brand?post=15560"},{"taxonomy":"product_cat","embeddable":true,"href":"https:\/\/srv94019.seohost.com.pl\/es\/wp-json\/wp\/v2\/product_cat?post=15560"},{"taxonomy":"product_tag","embeddable":true,"href":"https:\/\/srv94019.seohost.com.pl\/es\/wp-json\/wp\/v2\/product_tag?post=15560"}],"curies":[{"name":"wp","href":"https:\/\/api.w.org\/{rel}","templated":true}]}}