{"id":8490,"date":"2021-10-26T19:23:58","date_gmt":"2021-10-26T17:23:58","guid":{"rendered":"https:\/\/ledholo.com\/?post_type=product&#038;p=8490"},"modified":"2026-04-11T14:07:09","modified_gmt":"2026-04-11T12:07:09","slug":"holar-03","status":"publish","type":"product","link":"https:\/\/srv94019.seohost.com.pl\/es\/producto\/holar-03\/","title":{"rendered":"Holar 03"},"content":{"rendered":"<div class=\"ast-oembed-container\" style=\"height: 100%;\"><iframe title=\"holar3\" width=\"500\" height=\"375\" src=\"https:\/\/www.youtube.com\/embed\/_uNq4soGgf8?feature=oembed&#038;enablejsapi=1&#038;origin=https:\/\/srv94019.seohost.com.pl\" frameborder=\"0\" allow=\"accelerometer; autoplay; clipboard-write; encrypted-media; gyroscope; picture-in-picture; web-share\" referrerpolicy=\"strict-origin-when-cross-origin\" allowfullscreen><\/iframe><\/div>\n<p>Animaciones de productos 3D basadas en modelos 3D y obras de arte ya confeccionadas, efectos especiales simples.<br \/>\nCzas: ok. 30 sek.<br \/>\ntermin realizacji: 7-14 dni roboczych<br \/>\nEjemplo: Siemens Magnetom Sola<\/p>\n<p><strong>Las animaciones 3D del equipo 3D de Ledholo Holar Studio son:<\/strong><\/p>\n<ul>\n<li>la m\u00e1s alta calidad<\/li>\n<li>precios inmejorables<\/li>\n<li>plazos de entrega cortos<\/li>\n<li>contacto constante con el tutor<\/li>\n<li>Enfoque flexible para cada producci\u00f3n.<\/li>\n<\/ul>\n<p><strong>\u00bfC\u00f3mo trabajamos?<\/strong><\/p>\n<ul>\n<li>En primer lugar, discutiremos tus expectativas y determinaremos qu\u00e9 materiales tienes a tu disposici\u00f3n (modelos 3D, fotos, fuentes, logotipos, colores\u2026).<\/li>\n<li>Luego desarrollaremos un escenario detallado y una valoraci\u00f3n de nuestras propuestas.<\/li>\n<li>Una vez aceptada la oferta, firmaremos el pedido y comenzaremos la producci\u00f3n de la animaci\u00f3n 3D.<\/li>\n<li>Luego prepararemos una versi\u00f3n funcional de la animaci\u00f3n, esperando sus comentarios.<\/li>\n<li>En esta etapa ser\u00e1n posibles 3 revisiones gratuitas, siempre que no difieran significativamente del gui\u00f3n aprobado.<\/li>\n<li>Al final, todo lo que queda por hacer es renderizar y transferir la animaci\u00f3n junto con los derechos de autor.<\/li>\n<\/ul>","protected":false},"excerpt":{"rendered":"<p>Animaciones de productos 3D basadas en modelos 3D y obras de arte ya confeccionadas, efectos especiales simples.<\/p>\n<p>Ejemplo: Siemens Magnetom Sola<\/p>","protected":false},"featured_media":8601,"template":"","meta":{"site-sidebar-layout":"default","site-content-layout":"","ast-site-content-layout":"default","site-content-style":"default","site-sidebar-style":"default","ast-global-header-display":"","ast-banner-title-visibility":"","ast-main-header-display":"","ast-hfb-above-header-display":"","ast-hfb-below-header-display":"","ast-hfb-mobile-header-display":"","site-post-title":"","ast-breadcrumbs-content":"","ast-featured-img":"","footer-sml-layout":"","theme-transparent-header-meta":"default","adv-header-id-meta":"","stick-header-meta":"default","header-above-stick-meta":"","header-main-stick-meta":"","header-below-stick-meta":"","astra-migrate-meta-layouts":"set","ast-page-background-enabled":"default","ast-page-background-meta":{"desktop":{"background-color":"var(--ast-global-color-4)","background-image":"","background-repeat":"repeat","background-position":"center center","background-size":"auto","background-attachment":"scroll","background-type":"","background-media":"","overlay-type":"","overlay-color":"","overlay-gradient":""},"tablet":{"background-color":"","background-image":"","background-repeat":"repeat","background-position":"center center","background-size":"auto","background-attachment":"scroll","background-type":"","background-media":"","overlay-type":"","overlay-color":"","overlay-gradient":""},"mobile":{"background-color":"","background-image":"","background-repeat":"repeat","background-position":"center center","background-size":"auto","background-attachment":"scroll","background-type":"","background-media":"","overlay-type":"","overlay-color":"","overlay-gradient":""}},"ast-content-background-meta":{"desktop":{"background-color":"var(--ast-global-color-5)","background-image":"","background-repeat":"repeat","background-position":"center center","background-size":"auto","background-attachment":"scroll","background-type":"","background-media":"","overlay-type":"","overlay-color":"","overlay-gradient":""},"tablet":{"background-color":"var(--ast-global-color-5)","background-image":"","background-repeat":"repeat","background-position":"center center","background-size":"auto","background-attachment":"scroll","background-type":"","background-media":"","overlay-type":"","overlay-color":"","overlay-gradient":""},"mobile":{"background-color":"var(--ast-global-color-5)","background-image":"","background-repeat":"repeat","background-position":"center center","background-size":"auto","background-attachment":"scroll","background-type":"","background-media":"","overlay-type":"","overlay-color":"","overlay-gradient":""}}},"product_brand":[],"product_cat":[147],"product_tag":[],"class_list":{"0":"post-8490","1":"product","2":"type-product","3":"status-publish","4":"has-post-thumbnail","6":"product_cat-animacje-3d","7":"desktop-align-left","8":"tablet-align-left","9":"mobile-align-left","11":"first","12":"instock","13":"sale","14":"taxable","15":"shipping-taxable","16":"purchasable","17":"product-type-simple"},"yoast_head":"<!-- This site is optimized with the Yoast SEO plugin v26.6 - https:\/\/yoast.com\/wordpress\/plugins\/seo\/ -->\n<title>Holar 03 | Ledholo<\/title>\n<meta name=\"robots\" content=\"noindex, follow, max-snippet:-1, max-image-preview:large, max-video-preview:-1\" \/>\n<meta property=\"og:locale\" content=\"es_ES\" \/>\n<meta property=\"og:type\" content=\"article\" \/>\n<meta property=\"og:title\" content=\"Holar 03 | Ledholo\" \/>\n<meta property=\"og:description\" content=\"Animacje 3D produkt\u00f3w na podstawie gotowych modeli 3D i artwork\u00f3w, proste efekty specjalne.  Przyk\u0142ad: Siemens Magnetom Sola\" \/>\n<meta property=\"og:url\" content=\"https:\/\/srv94019.seohost.com.pl\/es\/producto\/holar-03\/\" \/>\n<meta property=\"og:site_name\" content=\"Ledholo\" \/>\n<meta property=\"article:publisher\" content=\"https:\/\/www.facebook.com\/ledholocom\/\" \/>\n<meta property=\"article:modified_time\" content=\"2026-04-11T12:07:09+00:00\" \/>\n<meta property=\"og:image\" content=\"https:\/\/srv94019.seohost.com.pl\/wp-content\/uploads\/2021\/10\/holar3-1.jpg\" \/>\n\t<meta property=\"og:image:width\" content=\"700\" \/>\n\t<meta property=\"og:image:height\" content=\"700\" \/>\n\t<meta property=\"og:image:type\" content=\"image\/jpeg\" \/>\n<meta name=\"twitter:card\" content=\"summary_large_image\" \/>\n<meta name=\"twitter:site\" content=\"@ledholo\" \/>\n<meta name=\"twitter:label1\" content=\"Tiempo de lectura\" \/>\n\t<meta name=\"twitter:data1\" content=\"1 minuto\" \/>\n<script type=\"application\/ld+json\" class=\"yoast-schema-graph\">{\"@context\":\"https:\/\/schema.org\",\"@graph\":[{\"@type\":\"WebPage\",\"@id\":\"https:\/\/srv94019.seohost.com.pl\/produkt\/holar-03\/\",\"url\":\"https:\/\/srv94019.seohost.com.pl\/produkt\/holar-03\/\",\"name\":\"Holar 03 | Ledholo\",\"isPartOf\":{\"@id\":\"https:\/\/srv94019.seohost.com.pl\/#website\"},\"primaryImageOfPage\":{\"@id\":\"https:\/\/srv94019.seohost.com.pl\/produkt\/holar-03\/#primaryimage\"},\"image\":{\"@id\":\"https:\/\/srv94019.seohost.com.pl\/produkt\/holar-03\/#primaryimage\"},\"thumbnailUrl\":\"https:\/\/srv94019.seohost.com.pl\/wp-content\/uploads\/2021\/10\/holar3-1.jpg\",\"datePublished\":\"2021-10-26T17:23:58+00:00\",\"dateModified\":\"2026-04-11T12:07:09+00:00\",\"breadcrumb\":{\"@id\":\"https:\/\/srv94019.seohost.com.pl\/produkt\/holar-03\/#breadcrumb\"},\"inLanguage\":\"es\",\"potentialAction\":[{\"@type\":\"ReadAction\",\"target\":[\"https:\/\/srv94019.seohost.com.pl\/produkt\/holar-03\/\"]}]},{\"@type\":\"ImageObject\",\"inLanguage\":\"es\",\"@id\":\"https:\/\/srv94019.seohost.com.pl\/produkt\/holar-03\/#primaryimage\",\"url\":\"https:\/\/srv94019.seohost.com.pl\/wp-content\/uploads\/2021\/10\/holar3-1.jpg\",\"contentUrl\":\"https:\/\/srv94019.seohost.com.pl\/wp-content\/uploads\/2021\/10\/holar3-1.jpg\",\"width\":700,\"height\":700},{\"@type\":\"BreadcrumbList\",\"@id\":\"https:\/\/srv94019.seohost.com.pl\/produkt\/holar-03\/#breadcrumb\",\"itemListElement\":[{\"@type\":\"ListItem\",\"position\":1,\"name\":\"Strona g\u0142\u00f3wna\",\"item\":\"https:\/\/srv94019.seohost.com.pl\/\"},{\"@type\":\"ListItem\",\"position\":2,\"name\":\"Sklep\",\"item\":\"https:\/\/srv94019.seohost.com.pl\/sklep\/\"},{\"@type\":\"ListItem\",\"position\":3,\"name\":\"Holar 03\"}]},{\"@type\":\"WebSite\",\"@id\":\"https:\/\/srv94019.seohost.com.pl\/#website\",\"url\":\"https:\/\/srv94019.seohost.com.pl\/\",\"name\":\"Ledholo\",\"description\":\"\",\"publisher\":{\"@id\":\"https:\/\/srv94019.seohost.com.pl\/#organization\"},\"potentialAction\":[{\"@type\":\"SearchAction\",\"target\":{\"@type\":\"EntryPoint\",\"urlTemplate\":\"https:\/\/srv94019.seohost.com.pl\/?s={search_term_string}\"},\"query-input\":{\"@type\":\"PropertyValueSpecification\",\"valueRequired\":true,\"valueName\":\"search_term_string\"}}],\"inLanguage\":\"es\"},{\"@type\":\"Organization\",\"@id\":\"https:\/\/srv94019.seohost.com.pl\/#organization\",\"name\":\"Ledholo\",\"url\":\"https:\/\/srv94019.seohost.com.pl\/\",\"logo\":{\"@type\":\"ImageObject\",\"inLanguage\":\"es\",\"@id\":\"https:\/\/srv94019.seohost.com.pl\/#\/schema\/logo\/image\/\",\"url\":\"https:\/\/srv94019.seohost.com.pl\/wp-content\/uploads\/2024\/03\/LEDHOLO_logo_RGB-01.png\",\"contentUrl\":\"https:\/\/srv94019.seohost.com.pl\/wp-content\/uploads\/2024\/03\/LEDHOLO_logo_RGB-01.png\",\"width\":950,\"height\":252,\"caption\":\"Ledholo\"},\"image\":{\"@id\":\"https:\/\/srv94019.seohost.com.pl\/#\/schema\/logo\/image\/\"},\"sameAs\":[\"https:\/\/www.facebook.com\/ledholocom\/\",\"https:\/\/x.com\/ledholo\",\"https:\/\/www.instagram.com\/ledholo\/\",\"https:\/\/www.linkedin.com\/company\/ledholo\/\",\"https:\/\/vimeo.com\/ledholo\",\"https:\/\/www.youtube.com\/channel\/UCCXzwmTEoJyZGPuvqICkecw\"]}]}<\/script>\n<!-- \/ Yoast SEO plugin. -->","yoast_head_json":{"title":"Holar 03 | Ledholo","robots":{"index":"noindex","follow":"follow","max-snippet":"max-snippet:-1","max-image-preview":"max-image-preview:large","max-video-preview":"max-video-preview:-1"},"og_locale":"es_ES","og_type":"article","og_title":"Holar 03 | Ledholo","og_description":"Animacje 3D produkt\u00f3w na podstawie gotowych modeli 3D i artwork\u00f3w, proste efekty specjalne.  Przyk\u0142ad: Siemens Magnetom Sola","og_url":"https:\/\/srv94019.seohost.com.pl\/es\/producto\/holar-03\/","og_site_name":"Ledholo","article_publisher":"https:\/\/www.facebook.com\/ledholocom\/","article_modified_time":"2026-04-11T12:07:09+00:00","og_image":[{"width":700,"height":700,"url":"https:\/\/srv94019.seohost.com.pl\/wp-content\/uploads\/2021\/10\/holar3-1.jpg","type":"image\/jpeg"}],"twitter_card":"summary_large_image","twitter_site":"@ledholo","twitter_misc":{"Tiempo de lectura":"1 minuto"},"schema":{"@context":"https:\/\/schema.org","@graph":[{"@type":"WebPage","@id":"https:\/\/srv94019.seohost.com.pl\/produkt\/holar-03\/","url":"https:\/\/srv94019.seohost.com.pl\/produkt\/holar-03\/","name":"Holar 03 | Ledholo","isPartOf":{"@id":"https:\/\/srv94019.seohost.com.pl\/#website"},"primaryImageOfPage":{"@id":"https:\/\/srv94019.seohost.com.pl\/produkt\/holar-03\/#primaryimage"},"image":{"@id":"https:\/\/srv94019.seohost.com.pl\/produkt\/holar-03\/#primaryimage"},"thumbnailUrl":"https:\/\/srv94019.seohost.com.pl\/wp-content\/uploads\/2021\/10\/holar3-1.jpg","datePublished":"2021-10-26T17:23:58+00:00","dateModified":"2026-04-11T12:07:09+00:00","breadcrumb":{"@id":"https:\/\/srv94019.seohost.com.pl\/produkt\/holar-03\/#breadcrumb"},"inLanguage":"es","potentialAction":[{"@type":"ReadAction","target":["https:\/\/srv94019.seohost.com.pl\/produkt\/holar-03\/"]}]},{"@type":"ImageObject","inLanguage":"es","@id":"https:\/\/srv94019.seohost.com.pl\/produkt\/holar-03\/#primaryimage","url":"https:\/\/srv94019.seohost.com.pl\/wp-content\/uploads\/2021\/10\/holar3-1.jpg","contentUrl":"https:\/\/srv94019.seohost.com.pl\/wp-content\/uploads\/2021\/10\/holar3-1.jpg","width":700,"height":700},{"@type":"BreadcrumbList","@id":"https:\/\/srv94019.seohost.com.pl\/produkt\/holar-03\/#breadcrumb","itemListElement":[{"@type":"ListItem","position":1,"name":"Strona g\u0142\u00f3wna","item":"https:\/\/srv94019.seohost.com.pl\/"},{"@type":"ListItem","position":2,"name":"Sklep","item":"https:\/\/srv94019.seohost.com.pl\/sklep\/"},{"@type":"ListItem","position":3,"name":"Holar 03"}]},{"@type":"WebSite","@id":"https:\/\/srv94019.seohost.com.pl\/#website","url":"https:\/\/srv94019.seohost.com.pl\/","name":"Ledholo","description":"","publisher":{"@id":"https:\/\/srv94019.seohost.com.pl\/#organization"},"potentialAction":[{"@type":"SearchAction","target":{"@type":"EntryPoint","urlTemplate":"https:\/\/srv94019.seohost.com.pl\/?s={search_term_string}"},"query-input":{"@type":"PropertyValueSpecification","valueRequired":true,"valueName":"search_term_string"}}],"inLanguage":"es"},{"@type":"Organization","@id":"https:\/\/srv94019.seohost.com.pl\/#organization","name":"Ledholo","url":"https:\/\/srv94019.seohost.com.pl\/","logo":{"@type":"ImageObject","inLanguage":"es","@id":"https:\/\/srv94019.seohost.com.pl\/#\/schema\/logo\/image\/","url":"https:\/\/srv94019.seohost.com.pl\/wp-content\/uploads\/2024\/03\/LEDHOLO_logo_RGB-01.png","contentUrl":"https:\/\/srv94019.seohost.com.pl\/wp-content\/uploads\/2024\/03\/LEDHOLO_logo_RGB-01.png","width":950,"height":252,"caption":"Ledholo"},"image":{"@id":"https:\/\/srv94019.seohost.com.pl\/#\/schema\/logo\/image\/"},"sameAs":["https:\/\/www.facebook.com\/ledholocom\/","https:\/\/x.com\/ledholo","https:\/\/www.instagram.com\/ledholo\/","https:\/\/www.linkedin.com\/company\/ledholo\/","https:\/\/vimeo.com\/ledholo","https:\/\/www.youtube.com\/channel\/UCCXzwmTEoJyZGPuvqICkecw"]}]}},"_links":{"self":[{"href":"https:\/\/srv94019.seohost.com.pl\/es\/wp-json\/wp\/v2\/product\/8490","targetHints":{"allow":["GET"]}}],"collection":[{"href":"https:\/\/srv94019.seohost.com.pl\/es\/wp-json\/wp\/v2\/product"}],"about":[{"href":"https:\/\/srv94019.seohost.com.pl\/es\/wp-json\/wp\/v2\/types\/product"}],"wp:featuredmedia":[{"embeddable":true,"href":"https:\/\/srv94019.seohost.com.pl\/es\/wp-json\/wp\/v2\/media\/8601"}],"wp:attachment":[{"href":"https:\/\/srv94019.seohost.com.pl\/es\/wp-json\/wp\/v2\/media?parent=8490"}],"wp:term":[{"taxonomy":"product_brand","embeddable":true,"href":"https:\/\/srv94019.seohost.com.pl\/es\/wp-json\/wp\/v2\/product_brand?post=8490"},{"taxonomy":"product_cat","embeddable":true,"href":"https:\/\/srv94019.seohost.com.pl\/es\/wp-json\/wp\/v2\/product_cat?post=8490"},{"taxonomy":"product_tag","embeddable":true,"href":"https:\/\/srv94019.seohost.com.pl\/es\/wp-json\/wp\/v2\/product_tag?post=8490"}],"curies":[{"name":"wp","href":"https:\/\/api.w.org\/{rel}","templated":true}]}}